{"id":470,"date":"2018-07-02T12:13:29","date_gmt":"2018-07-02T12:13:29","guid":{"rendered":"https:\/\/naegeli-reinigungen.ch\/downloads\/"},"modified":"2021-06-30T11:36:14","modified_gmt":"2021-06-30T11:36:14","slug":"downloads","status":"publish","type":"page","link":"https:\/\/naegeli-reinigungen.ch\/en\/downloads\/","title":{"rendered":"Downloads"},"content":{"rendered":"<h1>Price lists relocation planning<\/h1>\n<p>Useful<br \/>\nHere you will find information about our prices and helpful documents.<\/p>\n<p>icon<br \/>\nicon-download<br \/>\nOb f\u00fcr Gesch\u00e4ftsr\u00e4ume oder Privathaushalte, wir bieten folgende Dienstleistungen an<br \/>\nfadeIn<br \/>\nalma-mi-clase<\/p>\n<p>Price lists<br \/>\nAn overview of all services and prices.<\/p>\n<p>line<br \/>\nfadeInUp<\/p>\n<p>icon-plus-fine<br \/>\n<img loading=\"lazy\" decoding=\"async\" class=\"alignnone\" src=\"https:\/\/naegeli-reinigungen.ch\/wp-content\/uploads\/2018\/07\/naegeli-price-icon.png\" alt=\"Price lists relocation planning\" width=\"150\" height=\"150\" \/><br \/>\nPrice list n\u00e4geli cleaning, transport and removal services<\/p>\n<p>Price lists relocation planning<br \/>\n<a class=\"mfn-link mfn-link-1 \" href=\"\" style=\"\" data-hover=\"\"  ><span data-hover=\"\"><\/span><\/a><br \/>\n2<br \/>\n<a href=\"\/en\/downloads\/pricelist\/\">\/en\/downloads\/pricelist\/<\/a><\/p>\n<p>icon-plus-fine<br \/>\n<img loading=\"lazy\" decoding=\"async\" class=\"alignnone\" src=\"https:\/\/naegeli-reinigungen.ch\/wp-content\/uploads\/2018\/07\/naegeli-price-icon.png\" alt=\"Price lists relocation planning\" width=\"150\" height=\"150\" \/><br \/>\nPrice list n\u00e4geli plus &#8211; a PLUS more value-added services<br \/>\n<a class=\"mfn-link mfn-link-1 \" href=\"\" style=\"\" data-hover=\"\"  ><span data-hover=\"\"><\/span><\/a><br \/>\n2<br \/>\n<a href=\"\/en\/services\/plus\/price-list\/\">\/en\/services\/plus\/price-list\/<\/a><\/p>\n<p>Pet sitting<br \/>\nWe take care of your pets for carefree absences during your vacation or business trips.<br \/>\nWe lovingly take care of your four-legged friends.<br \/>\nline<br \/>\nfadeInUp<\/p>\n<p>icon-plus-fine<br \/>\n<img loading=\"lazy\" decoding=\"async\" class=\"alignnone\" src=\"https:\/\/naegeli-reinigungen.ch\/wp-content\/uploads\/2018\/07\/naegeli-pets-icon.png\" alt=\"Cleanings, moving, pet care\" width=\"150\" height=\"150\" \/><br \/>\nAnimal Care Form<br \/>\n<a class=\"mfn-link mfn-link-1 \" href=\"\" style=\"\" data-hover=\"\"  ><span data-hover=\"\"><\/span><\/a><br \/>\n2<br \/>\n<a href=\"https:\/\/naegeli-reinigungen.ch\/wp-content\/uploads\/documents\/tierbetreuung.pdf\">https:\/\/naegeli-reinigungen.ch\/wp-content\/uploads\/documents\/tierbetreuung.pdf<\/a><\/p>\n<p>no-repeat;left top;;<br \/>\nauto<\/p>\n<p>Moving Checklist<br \/>\nEvery move always involves a lot of work. Only those who prepare the move well will save themselves stress and bad surprises. To help you with your move, we offer you our checklist.<br \/>\nline<\/p>\n<p>icon-plus-fine<br \/>\n<img loading=\"lazy\" decoding=\"async\" class=\"alignnone\" src=\"https:\/\/naegeli-reinigungen.ch\/wp-content\/uploads\/2018\/07\/naegeli-list-icon.png\" alt=\"Price lists relocation planning\" width=\"150\" height=\"150\" \/><br \/>\nMoving Checklist<br \/>\n<a class=\"mfn-link mfn-link-1 \" href=\"\" style=\"\" data-hover=\"\"  ><span data-hover=\"\"><\/span><\/a><br \/>\n2<br \/>\n<a href=\"https:\/\/naegeli-reinigungen.ch\/wp-content\/uploads\/documents\/ChecklisteUmzug-naegeli-reinigungen.pdf\">https:\/\/naegeli-reinigungen.ch\/wp-content\/uploads\/documents\/ChecklisteUmzug-naegeli-reinigungen.pdf<\/a><\/p>\n<p>no-repeat;left top;;<br \/>\nauto<\/p>\n<p>no-repeat;left top;;<br \/>\nauto<\/p>\n<p>Pattern Letters<br \/>\nDownload our pattern letters and edit them with Word or OpenOffice.<br \/>\nline<\/p>\n<p>icon-plus-fine<br \/>\n<img decoding=\"async\" src=\"https:\/\/naegeli-reinigungen.ch\/wp-content\/uploads\/2018\/07\/naegeli-letter-icon.png\" alt=\"\" \/><br \/>\nEarly termination rental<br \/>\n<a class=\"mfn-link mfn-link-1 \" href=\"\" style=\"\" data-hover=\"\"  ><span data-hover=\"\"><\/span><\/a><br \/>\n2<br \/>\n<a href=\"https:\/\/naegeli-reinigungen.ch\/wp-content\/uploads\/documents\/musterbrief-1.doc\">https:\/\/naegeli-reinigungen.ch\/wp-content\/uploads\/documents\/musterbrief-1.doc<\/a><\/p>\n<p>icon-plus-fine<br \/>\n<img decoding=\"async\" src=\"https:\/\/naegeli-reinigungen.ch\/wp-content\/uploads\/2018\/07\/naegeli-letter-icon.png\" alt=\"\" \/><br \/>\nNotification substitute tenants<br \/>\n<a class=\"mfn-link mfn-link-1 \" href=\"\" style=\"\" data-hover=\"\"  ><span data-hover=\"\"><\/span><\/a><br \/>\n2<br \/>\n<a href=\"https:\/\/naegeli-reinigungen.ch\/wp-content\/uploads\/documents\/musterbrief-2.doc\">https:\/\/naegeli-reinigungen.ch\/wp-content\/uploads\/documents\/musterbrief-2.doc<\/a><\/p>\n<p>icon-plus-fine<br \/>\n<img decoding=\"async\" src=\"https:\/\/naegeli-reinigungen.ch\/wp-content\/uploads\/2018\/07\/naegeli-letter-icon.png\" alt=\"\" \/><br \/>\nInquiry early termination approval<br \/>\n<a class=\"mfn-link mfn-link-1 \" href=\"\" style=\"\" data-hover=\"\"  ><span data-hover=\"\"><\/span><\/a><br \/>\n2<br \/>\n<a href=\"https:\/\/naegeli-reinigungen.ch\/wp-content\/uploads\/documents\/musterbrief-3.doc\">https:\/\/naegeli-reinigungen.ch\/wp-content\/uploads\/documents\/musterbrief-3.doc<\/a><\/p>\n<p>Lifetime expectancy amenities<br \/>\nThe following table shows the age devaluation of facilities. The values listed represent an average quality.<br \/>\nline<\/p>\n<p>icon-plus-fine<br \/>\n<img decoding=\"async\" src=\"https:\/\/naegeli-reinigungen.ch\/wp-content\/uploads\/2018\/07\/naegeli-time-icon.png\" alt=\"\" \/><br \/>\nLifetime expectancy amenities<br \/>\n<a class=\"mfn-link mfn-link-1 \" href=\"\" style=\"\" data-hover=\"\"  ><span data-hover=\"\"><\/span><\/a><br \/>\n2<br \/>\n<a href=\"\/en\/lifetime-expectancy-amenities\/\">\/en\/lifetime-expectancy-amenities\/<\/a><\/p>\n<p>no-repeat;left top;;<br \/>\nauto<\/p>\n<p>no-repeat;left top;;<br \/>\nauto<\/p>\n<p>Call to action<\/p>\n<h2>We look forward to hearing from you. Contact us for more details about Price lists relocation planning. We look forward to supporting you in your project.<\/h2>\n<p><hr class=\"no_line\" style=\"margin: 0 auto 0px auto\"\/>\n<br \/>\n<a  class=\"button  button_size_2\"  href=\"\"    ><span class=\"button_label\">Button<\/span><\/a>\n<br \/>\ncenter<br \/>\nno-repeat;center top;;<br \/>\nauto<br \/>\nfadeIn<\/p>\n<div id=\"tw-container\" class=\"YQaNob\" data-cp=\"1\" data-is-ver=\"false\" data-nnttsvi=\"1\" data-sm=\"1\" data-sugg-time=\"500\" data-sugg-url=\"https:\/\/clients1.google.com\/complete\/search\" data-uilc=\"de\">\n<div>\n<div>\n<div id=\"tw-ob\" class=\"tw-src-ltr\">\n<div class=\"oSioSc\">\n<div id=\"tw-target\">\n<div id=\"kAz1tf\" class=\"g9WsWb\">\n<div id=\"tw-target-text-container\" class=\"tw-ta-container hide-focus-ring tw-nfl\" tabindex=\"0\">\n<pre id=\"tw-target-text\" class=\"tw-data-text tw-text-large XcVN5d tw-ta\" dir=\"ltr\" data-placeholder=\"\u00dcbersetzung\"><\/pre>\n<\/div>\n<\/div>\n<\/div>\n<\/div>\n<\/div>\n<\/div>\n<\/div>\n<\/div>\n<p>Price lists relocation planning<\/p>\n<p><a href=\"https:\/\/www.facebook.com\/naegeli.reinigungen.transporte\" target=\"_blank\" rel=\"noopener\">https:\/\/www.facebook.com\/naegeli.reinigungen.transporte<\/a><\/p>\n","protected":false},"excerpt":{"rendered":"<p>Price lists relocation planning Useful Here you will find information about our prices and helpful documents. icon icon-download Ob f\u00fcr Gesch\u00e4ftsr\u00e4ume oder Privathaushalte, wir bieten folgende<span class=\"excerpt-hellip\"> [\u2026]<\/span><\/p>\n","protected":false},"author":1,"featured_media":0,"parent":0,"menu_order":0,"comment_status":"open","ping_status":"open","template":"","meta":{"footnotes":""},"class_list":["post-470","page","type-page","status-publish","hentry"],"yoast_head":"<!-- This site is optimized with the Yoast SEO plugin v27.3 - https:\/\/yoast.com\/product\/yoast-seo-wordpress\/ -->\n<title>n\u00e4geli reinigungen &amp; transporte plus ag | Price lists relocation planning<\/title>\n<meta name=\"description\" content=\"Helpful documents for professional relocation planning. | Price lists for all our n\u00e4geli reinigungen &amp; trasporte plus services\" \/>\n<meta name=\"robots\" content=\"index, follow, max-snippet:-1, max-image-preview:large, max-video-preview:-1\" \/>\n<link rel=\"canonical\" href=\"https:\/\/naegeli-reinigungen.ch\/en\/downloads\/\" \/>\n<meta property=\"og:locale\" content=\"en_US\" \/>\n<meta property=\"og:type\" content=\"article\" \/>\n<meta property=\"og:title\" content=\"n\u00e4geli reinigungen &amp; transporte plus ag | Price lists relocation planning\" \/>\n<meta property=\"og:description\" content=\"Helpful documents for professional relocation planning. | Price lists for all our n\u00e4geli reinigungen &amp; trasporte plus services\" \/>\n<meta property=\"og:url\" content=\"https:\/\/naegeli-reinigungen.ch\/en\/downloads\/\" \/>\n<meta property=\"og:site_name\" content=\"n\u00e4geli reinigungen &amp; transporte plus ag\" \/>\n<meta property=\"article:publisher\" content=\"https:\/\/www.facebook.com\/naegeli.reinigungen.transporte\/\" \/>\n<meta property=\"article:modified_time\" content=\"2021-06-30T11:36:14+00:00\" \/>\n<meta property=\"og:image\" content=\"https:\/\/naegeli-reinigungen.ch\/wp-content\/uploads\/2018\/07\/naegeli-price-icon.png\" \/>\n<meta name=\"twitter:card\" content=\"summary_large_image\" \/>\n<meta name=\"twitter:label1\" content=\"Est. reading time\" \/>\n\t<meta name=\"twitter:data1\" content=\"3 minutes\" \/>\n<script type=\"application\/ld+json\" class=\"yoast-schema-graph\">{\"@context\":\"https:\\\/\\\/schema.org\",\"@graph\":[{\"@type\":\"WebPage\",\"@id\":\"https:\\\/\\\/naegeli-reinigungen.ch\\\/en\\\/downloads\\\/\",\"url\":\"https:\\\/\\\/naegeli-reinigungen.ch\\\/en\\\/downloads\\\/\",\"name\":\"n\u00e4geli reinigungen &amp; transporte plus ag | Price lists relocation planning\",\"isPartOf\":{\"@id\":\"https:\\\/\\\/naegeli-reinigungen.ch\\\/en\\\/#website\"},\"primaryImageOfPage\":{\"@id\":\"https:\\\/\\\/naegeli-reinigungen.ch\\\/en\\\/downloads\\\/#primaryimage\"},\"image\":{\"@id\":\"https:\\\/\\\/naegeli-reinigungen.ch\\\/en\\\/downloads\\\/#primaryimage\"},\"thumbnailUrl\":\"https:\\\/\\\/naegeli-reinigungen.ch\\\/wp-content\\\/uploads\\\/2018\\\/07\\\/naegeli-price-icon.png\",\"datePublished\":\"2018-07-02T12:13:29+00:00\",\"dateModified\":\"2021-06-30T11:36:14+00:00\",\"description\":\"Helpful documents for professional relocation planning. | Price lists for all our n\u00e4geli reinigungen & trasporte plus services\",\"breadcrumb\":{\"@id\":\"https:\\\/\\\/naegeli-reinigungen.ch\\\/en\\\/downloads\\\/#breadcrumb\"},\"inLanguage\":\"en-US\",\"potentialAction\":[{\"@type\":\"ReadAction\",\"target\":[\"https:\\\/\\\/naegeli-reinigungen.ch\\\/en\\\/downloads\\\/\"]}]},{\"@type\":\"ImageObject\",\"inLanguage\":\"en-US\",\"@id\":\"https:\\\/\\\/naegeli-reinigungen.ch\\\/en\\\/downloads\\\/#primaryimage\",\"url\":\"https:\\\/\\\/naegeli-reinigungen.ch\\\/wp-content\\\/uploads\\\/2018\\\/07\\\/naegeli-price-icon.png\",\"contentUrl\":\"https:\\\/\\\/naegeli-reinigungen.ch\\\/wp-content\\\/uploads\\\/2018\\\/07\\\/naegeli-price-icon.png\"},{\"@type\":\"BreadcrumbList\",\"@id\":\"https:\\\/\\\/naegeli-reinigungen.ch\\\/en\\\/downloads\\\/#breadcrumb\",\"itemListElement\":[{\"@type\":\"ListItem\",\"position\":1,\"name\":\"Startseite\",\"item\":\"https:\\\/\\\/naegeli-reinigungen.ch\\\/en\\\/\"},{\"@type\":\"ListItem\",\"position\":2,\"name\":\"Downloads\"}]},{\"@type\":\"WebSite\",\"@id\":\"https:\\\/\\\/naegeli-reinigungen.ch\\\/en\\\/#website\",\"url\":\"https:\\\/\\\/naegeli-reinigungen.ch\\\/en\\\/\",\"name\":\"n\u00e4geli reinigungen &amp; transporte plus ag\",\"description\":\"Fachgerechte Reinigungsarbeiten aller Art, Transporte, Umz\u00fcge, Entsorgungen und vieles mehr!\",\"publisher\":{\"@id\":\"https:\\\/\\\/naegeli-reinigungen.ch\\\/en\\\/#organization\"},\"potentialAction\":[{\"@type\":\"SearchAction\",\"target\":{\"@type\":\"EntryPoint\",\"urlTemplate\":\"https:\\\/\\\/naegeli-reinigungen.ch\\\/en\\\/?s={search_term_string}\"},\"query-input\":{\"@type\":\"PropertyValueSpecification\",\"valueRequired\":true,\"valueName\":\"search_term_string\"}}],\"inLanguage\":\"en-US\"},{\"@type\":\"Organization\",\"@id\":\"https:\\\/\\\/naegeli-reinigungen.ch\\\/en\\\/#organization\",\"name\":\"n\u00e4geli reinigungen & transporte plus\",\"url\":\"https:\\\/\\\/naegeli-reinigungen.ch\\\/en\\\/\",\"logo\":{\"@type\":\"ImageObject\",\"inLanguage\":\"en-US\",\"@id\":\"https:\\\/\\\/naegeli-reinigungen.ch\\\/en\\\/#\\\/schema\\\/logo\\\/image\\\/\",\"url\":\"https:\\\/\\\/naegeli-reinigungen.ch\\\/wp-content\\\/uploads\\\/2019\\\/12\\\/naegeli_logo_web_1248x342.png\",\"contentUrl\":\"https:\\\/\\\/naegeli-reinigungen.ch\\\/wp-content\\\/uploads\\\/2019\\\/12\\\/naegeli_logo_web_1248x342.png\",\"width\":1248,\"height\":342,\"caption\":\"n\u00e4geli reinigungen & transporte plus\"},\"image\":{\"@id\":\"https:\\\/\\\/naegeli-reinigungen.ch\\\/en\\\/#\\\/schema\\\/logo\\\/image\\\/\"},\"sameAs\":[\"https:\\\/\\\/www.facebook.com\\\/naegeli.reinigungen.transporte\\\/\",\"https:\\\/\\\/www.instagram.com\\\/naegeli.plus\\\/\"]}]}<\/script>\n<!-- \/ Yoast SEO plugin. -->","yoast_head_json":{"title":"n\u00e4geli reinigungen &amp; transporte plus ag | Price lists relocation planning","description":"Helpful documents for professional relocation planning. | Price lists for all our n\u00e4geli reinigungen & trasporte plus services","robots":{"index":"index","follow":"follow","max-snippet":"max-snippet:-1","max-image-preview":"max-image-preview:large","max-video-preview":"max-video-preview:-1"},"canonical":"https:\/\/naegeli-reinigungen.ch\/en\/downloads\/","og_locale":"en_US","og_type":"article","og_title":"n\u00e4geli reinigungen &amp; transporte plus ag | Price lists relocation planning","og_description":"Helpful documents for professional relocation planning. | Price lists for all our n\u00e4geli reinigungen & trasporte plus services","og_url":"https:\/\/naegeli-reinigungen.ch\/en\/downloads\/","og_site_name":"n\u00e4geli reinigungen &amp; transporte plus ag","article_publisher":"https:\/\/www.facebook.com\/naegeli.reinigungen.transporte\/","article_modified_time":"2021-06-30T11:36:14+00:00","og_image":[{"url":"https:\/\/naegeli-reinigungen.ch\/wp-content\/uploads\/2018\/07\/naegeli-price-icon.png","type":"","width":"","height":""}],"twitter_card":"summary_large_image","twitter_misc":{"Est. reading time":"3 minutes"},"schema":{"@context":"https:\/\/schema.org","@graph":[{"@type":"WebPage","@id":"https:\/\/naegeli-reinigungen.ch\/en\/downloads\/","url":"https:\/\/naegeli-reinigungen.ch\/en\/downloads\/","name":"n\u00e4geli reinigungen &amp; transporte plus ag | Price lists relocation planning","isPartOf":{"@id":"https:\/\/naegeli-reinigungen.ch\/en\/#website"},"primaryImageOfPage":{"@id":"https:\/\/naegeli-reinigungen.ch\/en\/downloads\/#primaryimage"},"image":{"@id":"https:\/\/naegeli-reinigungen.ch\/en\/downloads\/#primaryimage"},"thumbnailUrl":"https:\/\/naegeli-reinigungen.ch\/wp-content\/uploads\/2018\/07\/naegeli-price-icon.png","datePublished":"2018-07-02T12:13:29+00:00","dateModified":"2021-06-30T11:36:14+00:00","description":"Helpful documents for professional relocation planning. | Price lists for all our n\u00e4geli reinigungen & trasporte plus services","breadcrumb":{"@id":"https:\/\/naegeli-reinigungen.ch\/en\/downloads\/#breadcrumb"},"inLanguage":"en-US","potentialAction":[{"@type":"ReadAction","target":["https:\/\/naegeli-reinigungen.ch\/en\/downloads\/"]}]},{"@type":"ImageObject","inLanguage":"en-US","@id":"https:\/\/naegeli-reinigungen.ch\/en\/downloads\/#primaryimage","url":"https:\/\/naegeli-reinigungen.ch\/wp-content\/uploads\/2018\/07\/naegeli-price-icon.png","contentUrl":"https:\/\/naegeli-reinigungen.ch\/wp-content\/uploads\/2018\/07\/naegeli-price-icon.png"},{"@type":"BreadcrumbList","@id":"https:\/\/naegeli-reinigungen.ch\/en\/downloads\/#breadcrumb","itemListElement":[{"@type":"ListItem","position":1,"name":"Startseite","item":"https:\/\/naegeli-reinigungen.ch\/en\/"},{"@type":"ListItem","position":2,"name":"Downloads"}]},{"@type":"WebSite","@id":"https:\/\/naegeli-reinigungen.ch\/en\/#website","url":"https:\/\/naegeli-reinigungen.ch\/en\/","name":"n\u00e4geli reinigungen &amp; transporte plus ag","description":"Fachgerechte Reinigungsarbeiten aller Art, Transporte, Umz\u00fcge, Entsorgungen und vieles mehr!","publisher":{"@id":"https:\/\/naegeli-reinigungen.ch\/en\/#organization"},"potentialAction":[{"@type":"SearchAction","target":{"@type":"EntryPoint","urlTemplate":"https:\/\/naegeli-reinigungen.ch\/en\/?s={search_term_string}"},"query-input":{"@type":"PropertyValueSpecification","valueRequired":true,"valueName":"search_term_string"}}],"inLanguage":"en-US"},{"@type":"Organization","@id":"https:\/\/naegeli-reinigungen.ch\/en\/#organization","name":"n\u00e4geli reinigungen & transporte plus","url":"https:\/\/naegeli-reinigungen.ch\/en\/","logo":{"@type":"ImageObject","inLanguage":"en-US","@id":"https:\/\/naegeli-reinigungen.ch\/en\/#\/schema\/logo\/image\/","url":"https:\/\/naegeli-reinigungen.ch\/wp-content\/uploads\/2019\/12\/naegeli_logo_web_1248x342.png","contentUrl":"https:\/\/naegeli-reinigungen.ch\/wp-content\/uploads\/2019\/12\/naegeli_logo_web_1248x342.png","width":1248,"height":342,"caption":"n\u00e4geli reinigungen & transporte plus"},"image":{"@id":"https:\/\/naegeli-reinigungen.ch\/en\/#\/schema\/logo\/image\/"},"sameAs":["https:\/\/www.facebook.com\/naegeli.reinigungen.transporte\/","https:\/\/www.instagram.com\/naegeli.plus\/"]}]}},"_links":{"self":[{"href":"https:\/\/naegeli-reinigungen.ch\/en\/wp-json\/wp\/v2\/pages\/470","targetHints":{"allow":["GET"]}}],"collection":[{"href":"https:\/\/naegeli-reinigungen.ch\/en\/wp-json\/wp\/v2\/pages"}],"about":[{"href":"https:\/\/naegeli-reinigungen.ch\/en\/wp-json\/wp\/v2\/types\/page"}],"author":[{"embeddable":true,"href":"https:\/\/naegeli-reinigungen.ch\/en\/wp-json\/wp\/v2\/users\/1"}],"replies":[{"embeddable":true,"href":"https:\/\/naegeli-reinigungen.ch\/en\/wp-json\/wp\/v2\/comments?post=470"}],"version-history":[{"count":7,"href":"https:\/\/naegeli-reinigungen.ch\/en\/wp-json\/wp\/v2\/pages\/470\/revisions"}],"predecessor-version":[{"id":4002,"href":"https:\/\/naegeli-reinigungen.ch\/en\/wp-json\/wp\/v2\/pages\/470\/revisions\/4002"}],"wp:attachment":[{"href":"https:\/\/naegeli-reinigungen.ch\/en\/wp-json\/wp\/v2\/media?parent=470"}],"curies":[{"name":"wp","href":"https:\/\/api.w.org\/{rel}","templated":true}]}}